{"id":312,"date":"2026-04-01T09:04:31","date_gmt":"2026-04-01T09:04:31","guid":{"rendered":"https:\/\/yoglisu.4vlab.org\/?post_type=product&#038;p=312"},"modified":"2026-04-01T09:13:55","modified_gmt":"2026-04-01T09:13:55","slug":"tableta-de-chocolate-colombiano","status":"publish","type":"product","link":"https:\/\/yoglisu.4vlab.org\/?product=tableta-de-chocolate-colombiano","title":{"rendered":"Tableta de chocolate colombiano"},"content":{"rendered":"<p>El cacao colombiano se distingue por notas sensoriales frutales, florales, c\u00edtricas y de frutos secos, resultado de la biodiversidad y los microclimas \u00fanicos del pa\u00eds. Suave y equilibrado.<\/p>\n","protected":false},"excerpt":{"rendered":"<p>El cacao colombiano se distingue por notas sensoriales frutales, florales, c\u00edtricas y de frutos secos, resultado de la biodiversidad y los microclimas \u00fanicos del pa\u00eds. Suave y equilibrado.<\/p>\n","protected":false},"featured_media":257,"comment_status":"open","ping_status":"closed","template":"","meta":[],"product_brand":[],"product_cat":[47],"product_tag":[49],"class_list":{"0":"post-312","1":"product","2":"type-product","3":"status-publish","4":"has-post-thumbnail","6":"product_cat-chocolate","7":"product_tag-tableta-de-chocolate-colombiano","9":"first","10":"instock","11":"taxable","12":"shipping-taxable","13":"purchasable","14":"product-type-variable"},"_links":{"self":[{"href":"https:\/\/yoglisu.4vlab.org\/index.php?rest_route=\/wp\/v2\/product\/312","targetHints":{"allow":["GET"]}}],"collection":[{"href":"https:\/\/yoglisu.4vlab.org\/index.php?rest_route=\/wp\/v2\/product"}],"about":[{"href":"https:\/\/yoglisu.4vlab.org\/index.php?rest_route=\/wp\/v2\/types\/product"}],"replies":[{"embeddable":true,"href":"https:\/\/yoglisu.4vlab.org\/index.php?rest_route=%2Fwp%2Fv2%2Fcomments&post=312"}],"wp:featuredmedia":[{"embeddable":true,"href":"https:\/\/yoglisu.4vlab.org\/index.php?rest_route=\/wp\/v2\/media\/257"}],"wp:attachment":[{"href":"https:\/\/yoglisu.4vlab.org\/index.php?rest_route=%2Fwp%2Fv2%2Fmedia&parent=312"}],"wp:term":[{"taxonomy":"product_brand","embeddable":true,"href":"https:\/\/yoglisu.4vlab.org\/index.php?rest_route=%2Fwp%2Fv2%2Fproduct_brand&post=312"},{"taxonomy":"product_cat","embeddable":true,"href":"https:\/\/yoglisu.4vlab.org\/index.php?rest_route=%2Fwp%2Fv2%2Fproduct_cat&post=312"},{"taxonomy":"product_tag","embeddable":true,"href":"https:\/\/yoglisu.4vlab.org\/index.php?rest_route=%2Fwp%2Fv2%2Fproduct_tag&post=312"}],"curies":[{"name":"wp","href":"https:\/\/api.w.org\/{rel}","templated":true}]}}