{"id":311,"date":"2026-04-01T08:55:58","date_gmt":"2026-04-01T08:55:58","guid":{"rendered":"https:\/\/yoglisu.4vlab.org\/?post_type=product&#038;p=311"},"modified":"2026-04-01T08:55:59","modified_gmt":"2026-04-01T08:55:59","slug":"trufas-de-whisky-escoces","status":"publish","type":"product","link":"https:\/\/yoglisu.4vlab.org\/?product=trufas-de-whisky-escoces","title":{"rendered":"Trufas de whisky escoc\u00e9s"},"content":{"rendered":"<p>Estas exquisitas trufas de whisky combinan nuestras trufas de chocolate negro con el mejor whisky escoc\u00e9s de malta \u00fanica de la destiler\u00eda Holyrood. Con sede en Edimburgo, la destiler\u00eda Holyrood se dedica a ofrecer algo \u00fanico en cada lanzamiento, desafiando lo establecido, haciendo las cosas de manera diferente.<\/p>\n","protected":false},"excerpt":{"rendered":"<p>Estas exquisitas trufas de whisky combinan nuestras trufas de chocolate negro con el mejor whisky escoc\u00e9s de malta \u00fanica de la destiler\u00eda Holyrood. Con sede en Edimburgo, la destiler\u00eda Holyrood se dedica a ofrecer algo \u00fanico en cada lanzamiento, desafiando lo establecido, haciendo las cosas de manera diferente.<\/p>\n","protected":false},"featured_media":262,"comment_status":"open","ping_status":"closed","template":"","meta":[],"product_brand":[],"product_cat":[48],"product_tag":[50],"class_list":{"0":"post-311","1":"product","2":"type-product","3":"status-publish","4":"has-post-thumbnail","6":"product_cat-trufas","7":"product_tag-trufas-de-whisky-escoces","9":"first","10":"instock","11":"taxable","12":"shipping-taxable","13":"purchasable","14":"product-type-simple"},"_links":{"self":[{"href":"https:\/\/yoglisu.4vlab.org\/index.php?rest_route=\/wp\/v2\/product\/311","targetHints":{"allow":["GET"]}}],"collection":[{"href":"https:\/\/yoglisu.4vlab.org\/index.php?rest_route=\/wp\/v2\/product"}],"about":[{"href":"https:\/\/yoglisu.4vlab.org\/index.php?rest_route=\/wp\/v2\/types\/product"}],"replies":[{"embeddable":true,"href":"https:\/\/yoglisu.4vlab.org\/index.php?rest_route=%2Fwp%2Fv2%2Fcomments&post=311"}],"wp:featuredmedia":[{"embeddable":true,"href":"https:\/\/yoglisu.4vlab.org\/index.php?rest_route=\/wp\/v2\/media\/262"}],"wp:attachment":[{"href":"https:\/\/yoglisu.4vlab.org\/index.php?rest_route=%2Fwp%2Fv2%2Fmedia&parent=311"}],"wp:term":[{"taxonomy":"product_brand","embeddable":true,"href":"https:\/\/yoglisu.4vlab.org\/index.php?rest_route=%2Fwp%2Fv2%2Fproduct_brand&post=311"},{"taxonomy":"product_cat","embeddable":true,"href":"https:\/\/yoglisu.4vlab.org\/index.php?rest_route=%2Fwp%2Fv2%2Fproduct_cat&post=311"},{"taxonomy":"product_tag","embeddable":true,"href":"https:\/\/yoglisu.4vlab.org\/index.php?rest_route=%2Fwp%2Fv2%2Fproduct_tag&post=311"}],"curies":[{"name":"wp","href":"https:\/\/api.w.org\/{rel}","templated":true}]}}